{"id":956,"date":"2024-10-24T09:16:46","date_gmt":"2024-10-24T07:16:46","guid":{"rendered":"https:\/\/www.salamisrl.com\/condizioni-generali\/"},"modified":"2024-10-24T09:16:46","modified_gmt":"2024-10-24T07:16:46","slug":"general-conditions","status":"publish","type":"page","link":"https:\/\/www.salamisrl.com\/en\/general-conditions\/","title":{"rendered":"General conditions"},"content":{"rendered":"<p>[et_pb_section fb_built=&#8221;1&#8243; _builder_version=&#8221;4.25.1&#8243; background_color=&#8221;#000000&#8243; global_colors_info=&#8221;{}&#8221;][et_pb_row _builder_version=&#8221;4.16&#8243; background_size=&#8221;initial&#8221; background_position=&#8221;top_left&#8221; background_repeat=&#8221;repeat&#8221; global_colors_info=&#8221;{}&#8221;][et_pb_column type=&#8221;4_4&#8243; _builder_version=&#8221;4.16&#8243; custom_padding=&#8221;|||&#8221; global_colors_info=&#8221;{}&#8221; custom_padding__hover=&#8221;|||&#8221;][et_pb_text _builder_version=&#8221;4.25.1&#8243; text_text_color=&#8221;#FFFFFF&#8221; header_3_text_color=&#8221;#FFFFFF&#8221; background_size=&#8221;initial&#8221; background_position=&#8221;top_left&#8221; background_repeat=&#8221;repeat&#8221; global_colors_info=&#8221;{}&#8221;]<\/p>\n<div class=\"entry-content\">\n<h3><strong>GENERAL CONTRACT CONDITIONS<\/strong><\/h3>\n<p>This contract is a distance contract pursuant to Article 50 et seq. of Legislative Decree 6 September 2005 n.206 (consumer code).<\/p>\n<p>The contract has as its object the sale of goods such as new or used spare parts, between the Company SALAMI SRL, with registered office in San Martino in Rio \u2013 42018 &#8211; (RE), Via G. Puccini n. 15 VAT number, Tax code and registration number in the Reggio Emilia Company Register 02531100358<\/p>\n<p>and the consumer (the customer).<\/p>\n<p>The contract is concluded directly through the acceptance by the Customer of a purchase proposal issued by the Customer by telephone or via the Internet following the invitation to offer contained on the website salamisrl.com<\/p>\n<h3><strong>TERMS OF SALE<\/strong><\/h3>\n<p>The purchases of the products, available as illustrated and described online in the relative descriptive<\/p>\n<p>and technical sheets, are made by the customer at the price indicated on the site, at the time of sending the order confirmation, in addition to the transport costs, as displayed at the time of purchase.<\/p>\n<p>Before confirming the purchase to the customer, the unit cost of each chosen product will be summarized, the total cost in the case of multiple products and the relative transport costs and in the case of prices net of VAT, the total VAT.<\/p>\n<h3><strong>PAYMENTS<\/strong><\/h3>\n<p>The payment for the products purchased and the relative shipping costs must be made by the customer at the time of sending the order confirmation by using one of the credit cards or bank transfer indicated online. ATTENTION: The charge on the account occurs at the time of the order.<\/p>\n<h3><strong>DELIVERY OF PRODUCTS<\/strong><\/h3>\n<p>The purchased products will be delivered to the shipping address indicated by the customer.<\/p>\n<p>Always indicate a telephone number for any communications or emails.<\/p>\n<p>The customer is required to verify that the package is intact and not damaged. Only after this verification the customer must accept the delivery.<\/p>\n<p>In the event that the package represents visual anomalies with respect to what is stated above, the customer must raise the dispute directly with the carrier, do not collect the goods and send an email through the site to the company SALAMI SRL.<\/p>\n<\/div>\n<p>[\/et_pb_text][\/et_pb_column][\/et_pb_row][\/et_pb_section]<\/p>\n","protected":false},"excerpt":{"rendered":"<p>GENERAL CONTRACT CONDITIONS This contract is a distance contract pursuant to Article 50 et seq. of Legislative Decree 6 September 2005 n.206 (consumer code). The contract has as its object the sale of goods such as new or used spare parts, between the Company SALAMI SRL, with registered office in San Martino in Rio \u2013 [&hellip;]<\/p>\n","protected":false},"author":1,"featured_media":0,"parent":0,"menu_order":4,"comment_status":"closed","ping_status":"closed","template":"","meta":{"_et_pb_use_builder":"on","_et_pb_old_content":"<div class=\"entry-content\">\n\n<strong>Condizioni Generali Contratto<\/strong>\n\nIl presente contratto \u00e8 un contratto a distanza ai sensi dell\u2019articolo 50 e ss.Del D.Lgs.6 settembre 2005 n.206 (codice del consumo). Il contratto ha per oggetto la vendita di beni tra\nla ditta <RAGIONE SOCIALE> e il consumatore (il cliente).\n\nIl contratto e\u2019 concluso direttamente attraverso l\u2019accettazione da parte di una proposta d\u2019acquisto emessa da parte del Cliente per via telefonica o tramite internet a seguito dell\u2019invito ad offrire contenuto nel sito.\n\n<strong>Condizioni di Vendita<\/strong>\n\nGli acquisti dei prodotti, disponibili come illustrati e descritti online nelle relative schede descrittive e tecniche, sono effettuate dal cliente al prezzo indicato sul sito, al momento dell\u2019inoltro della conferma d\u2019ordine, oltre alle spese di trasporto, come visualizzate all\u2019atto dell\u2019acquisto.\n\nPrima della conferma dell\u2019acquisto al cliente, verr\u00e0 riepilogato il costo unitario di ciascun prodotto prescelto, il costo totale in caso di piu\u2019 prodotti e le relative spese di trasporto e nel caso i prezzi siano al netto dell\u2019Iva il totale dell\u2019Iva.\n\n<strong>Consegna Prodotti<\/strong>\n\nI prodotti acquistati verranno consegnati all\u2019indirizzo di spedizione indicato dal cliente. Indicare sempre un numero di telefono per eventuali comunicazioni o fax o mail.( tempo di consegna entro 10\/gg. lavorativi).\nIl cliente e\u2019 tenuto a verificare che il pacco sia integro e non danneggiato. Solo dopo tale verifica il cliente dovr\u00e0 accettare la consegna.\nNel caso in cui il pacco rappresentasse delle anomalie visive rispetto a quanto sopra asserito, il cliente dovr\u00e0 sollevare la contestazione direttamente al vettore, non ritirare la merce e mandare una mail attraverso il sito o un fax alla <RAGIONE SOCIALE>\n\n<strong>Modalit\u00e0 di Pagamento<\/strong>\n\nIl pagamento dei prodotti acquistati e le relative spese di spedizione dovranno essere effettuate dal cliente all\u2019atto dell\u2019inoltro della conferma d\u2019ordine mediante utilizzo di una delle carte di credito, contrassegno o bonifico indicati on line.\n\nATTENZIONE : L\u2019addebito sul conto avviene al momento dell\u2019ordine nel caso di acquisto tramite carta di credito. Nel caso Bonifico Bancario o Assegno\/Vaglia si proceder\u00e0 con la consegna del materiale una volta ricevuto l\u2019accredito.\nGaranzia Prodotti\n\n1)Tutti i prodotti commercializzati da <RAGIONE SOCIALE> sono coperti dalla garanzia convenzionale di 24 mesi per i difetti di conformit\u00e0, ai sensi del DLgs n. 24\/02. Per fruire dell\u2019assistenza in garanzia, il Cliente dovr\u00e0 conservare la fattura (o il DDT) che ricever\u00e0 insieme ai beni acquistati. Il Cliente potr\u00e0 sempre scaricare dal sito le fatture relative ai suoi acquisti, accedendo all\u2019area riservata.\n\n2) La garanzia di 24 mesi ai sensi del del DLgs n. 24\/02 si applica al prodotto che presenti un difetto di conformit\u00e0, purch\u00e9 lo stesso sia utilizzato correttamente, nel rispetto della sua destinazione d\u2019uso e di quanto previsto nella documentazione allegata. Tale garanzia, in ossequio al Dlgs. N. 24\/92, \u00e8 riservata solo al Consumatore privato (persona fisica che acquista la merce per scopi non riferibili alla propria attivit\u00e0 professionale, ovvero effettua l\u2019acquisto senza indicare nel modulo d\u2019ordine un riferimento di Partita IVA). In caso di difetto di conformit\u00e0,<strong>\n<\/strong><RAGIONE SOCIALE>\u00a0provvede, senza spese per il Cliente, al ripristino della conformit\u00e0 del prodotto mediante sostituzione o alla riduzione del prezzo, fino alla risoluzione del contratto. Se non dovesse risultare un difetto di conformit\u00e0, ai sensi del DLgs n. 24\/02, al Cliente saranno addebitati gli eventuali costi di verifica, nonch\u00e9 i costi di trasporto se sostenuti da <RAGIONE SOCIALE>\n\n3) Nell\u2019ipotesi in cui, per qualsiasi <RAGIONE SOCIALE> non fosse in grado di sostituire un prodotto in garanzia (ripristinato o sostituito), potr\u00e0 procedere, previo consenso del Cliente, alla sostituzione del prodotto stesso (se ancora a listino) oppure con altro di pari caratteristiche e valore o, infine, al rilascio di un buono sconto di pari importo spendibile su un altro prodotto valido per 6 mesi dal momento del rilascio.\n\n4) Nessun danno pu\u00f2 essere richiesto a <RAGIONE SOCIALE> per eventuali ritardi nella sostituzione di prodotti in garanzia.\n\n5) Nei casi in cui l\u2019applicazione delle garanzie preveda la restituzione del prodotto, il bene dovr\u00e0 essere restituito dal Cliente nella confezione originale, completa in tutte le sue parti; per limitare danneggiamenti alla confezione originale, si raccomanda, quando possibile, di inserirla in una seconda scatola; va evitata in tutti i casi l\u2019apposizione di etichette o nastri adesivi direttamente sulla confezione originale del prodotto.\n\n<\/div>","_et_gb_content_width":"","footnotes":""},"class_list":["post-956","page","type-page","status-publish","hentry"],"_links":{"self":[{"href":"https:\/\/www.salamisrl.com\/en\/wp-json\/wp\/v2\/pages\/956","targetHints":{"allow":["GET"]}}],"collection":[{"href":"https:\/\/www.salamisrl.com\/en\/wp-json\/wp\/v2\/pages"}],"about":[{"href":"https:\/\/www.salamisrl.com\/en\/wp-json\/wp\/v2\/types\/page"}],"author":[{"embeddable":true,"href":"https:\/\/www.salamisrl.com\/en\/wp-json\/wp\/v2\/users\/1"}],"replies":[{"embeddable":true,"href":"https:\/\/www.salamisrl.com\/en\/wp-json\/wp\/v2\/comments?post=956"}],"version-history":[{"count":4,"href":"https:\/\/www.salamisrl.com\/en\/wp-json\/wp\/v2\/pages\/956\/revisions"}],"predecessor-version":[{"id":964,"href":"https:\/\/www.salamisrl.com\/en\/wp-json\/wp\/v2\/pages\/956\/revisions\/964"}],"wp:attachment":[{"href":"https:\/\/www.salamisrl.com\/en\/wp-json\/wp\/v2\/media?parent=956"}],"curies":[{"name":"wp","href":"https:\/\/api.w.org\/{rel}","templated":true}]}}